{"id":2376,"date":"2021-01-26T14:38:46","date_gmt":"2021-01-26T13:38:46","guid":{"rendered":"http:\/\/primex.at\/WP\/?page_id=2376"},"modified":"2025-09-16T13:45:32","modified_gmt":"2025-09-16T11:45:32","slug":"konditionen-stickerei","status":"publish","type":"page","link":"https:\/\/primex.at\/WP\/konditionen-stickerei\/","title":{"rendered":"Konditionen Stickerei"},"content":{"rendered":"\n<h4 class=\"wp-block-heading has-vivid-red-color has-text-color\">Konditionen Stickerei GmbH<\/h4>\n\n\n\n<p id=\"block-2f5e990a-8d11-4079-8479-f0c4be824e57\"><strong>Preise:<\/strong> Die angef\u00fchrten Preise sind freibleibend in \u20ac (Euro) exclusive der gesetzlichen Mehrwertsteuer und erlangen erst mit unserer nachfolgenden Auftragsbest\u00e4tigung G\u00fcltigkeit.<\/p>\n\n\n\n<p id=\"block-12e16649-839a-45d2-a06d-ac407a7061fd\"><strong>Zahlungskondition<\/strong>: f\u00fcr Stick\/Druck oder sonstige Dienstleistungen: prompt netto oder gem\u00e4\u00df der mit unserem Unternehmen getroffenen Einzelvereinbarung. Bei Neukunden ersuchen wir um Vorauskasse. Die Zahlungskondition wird in der nachfolgenden Auftragsbest\u00e4tigung festgehalten.<\/p>\n\n\n\n<p id=\"block-de1b981c-2ad8-4e01-b7ea-704d4ca45a16\"><strong>Lieferkondition:<\/strong> Kosten f\u00fcr Versand und Verpackung sind vom Besteller zu tragen. <\/p>\n\n\n\n<p id=\"block-de1b981c-2ad8-4e01-b7ea-704d4ca45a16\">Frachtkosten: \u20ac 8,00 \/ Paket f\u00fcr \u00d6sterreich und Deutschland. Andere L\u00e4nder auf Anfrage.<\/p>\n\n\n\n<p>Es gelten die <a href=\"https:\/\/primex.at\/WP\/allgemeine-geschaeftsbedingungen-stickerei\/\">Gesch\u00e4ftsbedingungen<\/a> der Firma&nbsp;Stickerei GmbH.  <\/p>\n\n\n\n<p>Bei Auftragserteilung gelten diese automatisch als anerkannt und als Basis f\u00fcr den Auftrag. Erf\u00fcllungsort ist Salzburg<\/p>\n","protected":false},"excerpt":{"rendered":"<p>Konditionen Stickerei GmbH Preise: Die angef\u00fchrten Preise sind freibleibend in \u20ac (Euro) exclusive der gesetzlichen Mehrwertsteuer und erlangen erst mit unserer nachfolgenden Auftragsbest\u00e4tigung G\u00fcltigkeit. Zahlungskondition: f\u00fcr Stick\/Druck oder sonstige Dienstleistungen: prompt netto oder gem\u00e4\u00df der mit unserem Unternehmen getroffenen Einzelvereinbarung. Bei Neukunden ersuchen wir um Vorauskasse. Die Zahlungskondition wird in der nachfolgenden Auftragsbest\u00e4tigung festgehalten. Lieferkondition: [&#8230;]\n","protected":false},"author":1,"featured_media":0,"parent":0,"menu_order":0,"comment_status":"closed","ping_status":"closed","template":"","meta":{"footnotes":""},"class_list":["post-2376","page","type-page","status-publish","hentry"],"yoast_head":"<!-- This site is optimized with the Yoast SEO plugin v27.5 - https:\/\/yoast.com\/product\/yoast-seo-wordpress\/ -->\n<title>Konditionen Stickerei - Primex Arbeitsschutz<\/title>\n<meta name=\"robots\" content=\"index, follow, max-snippet:-1, max-image-preview:large, max-video-preview:-1\" \/>\n<link rel=\"canonical\" href=\"https:\/\/primex.at\/WP\/konditionen-stickerei\/\" \/>\n<meta property=\"og:locale\" content=\"de_DE\" \/>\n<meta property=\"og:type\" content=\"article\" \/>\n<meta property=\"og:title\" content=\"Konditionen Stickerei - Primex Arbeitsschutz\" \/>\n<meta property=\"og:description\" content=\"Konditionen Stickerei GmbH Preise: Die angef\u00fchrten Preise sind freibleibend in \u20ac (Euro) exclusive der gesetzlichen Mehrwertsteuer und erlangen erst mit unserer nachfolgenden Auftragsbest\u00e4tigung G\u00fcltigkeit. Zahlungskondition: f\u00fcr Stick\/Druck oder sonstige Dienstleistungen: prompt netto oder gem\u00e4\u00df der mit unserem Unternehmen getroffenen Einzelvereinbarung. Bei Neukunden ersuchen wir um Vorauskasse. Die Zahlungskondition wird in der nachfolgenden Auftragsbest\u00e4tigung festgehalten. Lieferkondition: [...]\" \/>\n<meta property=\"og:url\" content=\"https:\/\/primex.at\/WP\/konditionen-stickerei\/\" \/>\n<meta property=\"og:site_name\" content=\"Primex Arbeitsschutz\" \/>\n<meta property=\"article:modified_time\" content=\"2025-09-16T11:45:32+00:00\" \/>\n<meta name=\"twitter:card\" content=\"summary_large_image\" \/>\n<meta name=\"twitter:label1\" content=\"Gesch\u00e4tzte Lesezeit\" \/>\n\t<meta name=\"twitter:data1\" content=\"1\u00a0Minute\" \/>\n<script type=\"application\/ld+json\" class=\"yoast-schema-graph\">{\"@context\":\"https:\\\/\\\/schema.org\",\"@graph\":[{\"@type\":\"WebPage\",\"@id\":\"https:\\\/\\\/primex.at\\\/WP\\\/konditionen-stickerei\\\/\",\"url\":\"https:\\\/\\\/primex.at\\\/WP\\\/konditionen-stickerei\\\/\",\"name\":\"Konditionen Stickerei - Primex Arbeitsschutz\",\"isPartOf\":{\"@id\":\"https:\\\/\\\/primex.at\\\/WP\\\/#website\"},\"datePublished\":\"2021-01-26T13:38:46+00:00\",\"dateModified\":\"2025-09-16T11:45:32+00:00\",\"breadcrumb\":{\"@id\":\"https:\\\/\\\/primex.at\\\/WP\\\/konditionen-stickerei\\\/#breadcrumb\"},\"inLanguage\":\"de\",\"potentialAction\":[{\"@type\":\"ReadAction\",\"target\":[\"https:\\\/\\\/primex.at\\\/WP\\\/konditionen-stickerei\\\/\"]}]},{\"@type\":\"BreadcrumbList\",\"@id\":\"https:\\\/\\\/primex.at\\\/WP\\\/konditionen-stickerei\\\/#breadcrumb\",\"itemListElement\":[{\"@type\":\"ListItem\",\"position\":1,\"name\":\"Startseite\",\"item\":\"https:\\\/\\\/primex.at\\\/WP\\\/\"},{\"@type\":\"ListItem\",\"position\":2,\"name\":\"Konditionen Stickerei\"}]},{\"@type\":\"WebSite\",\"@id\":\"https:\\\/\\\/primex.at\\\/WP\\\/#website\",\"url\":\"https:\\\/\\\/primex.at\\\/WP\\\/\",\"name\":\"Primex Arbeitsschutz\",\"description\":\"Ihr Spezialist f\u00fcr Arbeitskleidung, Arbeitschutzsprodukte und Freizeitbekleidung\",\"potentialAction\":[{\"@type\":\"SearchAction\",\"target\":{\"@type\":\"EntryPoint\",\"urlTemplate\":\"https:\\\/\\\/primex.at\\\/WP\\\/?s={search_term_string}\"},\"query-input\":{\"@type\":\"PropertyValueSpecification\",\"valueRequired\":true,\"valueName\":\"search_term_string\"}}],\"inLanguage\":\"de\"}]}<\/script>\n<!-- \/ Yoast SEO plugin. -->","yoast_head_json":{"title":"Konditionen Stickerei - Primex Arbeitsschutz","robots":{"index":"index","follow":"follow","max-snippet":"max-snippet:-1","max-image-preview":"max-image-preview:large","max-video-preview":"max-video-preview:-1"},"canonical":"https:\/\/primex.at\/WP\/konditionen-stickerei\/","og_locale":"de_DE","og_type":"article","og_title":"Konditionen Stickerei - Primex Arbeitsschutz","og_description":"Konditionen Stickerei GmbH Preise: Die angef\u00fchrten Preise sind freibleibend in \u20ac (Euro) exclusive der gesetzlichen Mehrwertsteuer und erlangen erst mit unserer nachfolgenden Auftragsbest\u00e4tigung G\u00fcltigkeit. Zahlungskondition: f\u00fcr Stick\/Druck oder sonstige Dienstleistungen: prompt netto oder gem\u00e4\u00df der mit unserem Unternehmen getroffenen Einzelvereinbarung. Bei Neukunden ersuchen wir um Vorauskasse. Die Zahlungskondition wird in der nachfolgenden Auftragsbest\u00e4tigung festgehalten. Lieferkondition: [...]","og_url":"https:\/\/primex.at\/WP\/konditionen-stickerei\/","og_site_name":"Primex Arbeitsschutz","article_modified_time":"2025-09-16T11:45:32+00:00","twitter_card":"summary_large_image","twitter_misc":{"Gesch\u00e4tzte Lesezeit":"1\u00a0Minute"},"schema":{"@context":"https:\/\/schema.org","@graph":[{"@type":"WebPage","@id":"https:\/\/primex.at\/WP\/konditionen-stickerei\/","url":"https:\/\/primex.at\/WP\/konditionen-stickerei\/","name":"Konditionen Stickerei - Primex Arbeitsschutz","isPartOf":{"@id":"https:\/\/primex.at\/WP\/#website"},"datePublished":"2021-01-26T13:38:46+00:00","dateModified":"2025-09-16T11:45:32+00:00","breadcrumb":{"@id":"https:\/\/primex.at\/WP\/konditionen-stickerei\/#breadcrumb"},"inLanguage":"de","potentialAction":[{"@type":"ReadAction","target":["https:\/\/primex.at\/WP\/konditionen-stickerei\/"]}]},{"@type":"BreadcrumbList","@id":"https:\/\/primex.at\/WP\/konditionen-stickerei\/#breadcrumb","itemListElement":[{"@type":"ListItem","position":1,"name":"Startseite","item":"https:\/\/primex.at\/WP\/"},{"@type":"ListItem","position":2,"name":"Konditionen Stickerei"}]},{"@type":"WebSite","@id":"https:\/\/primex.at\/WP\/#website","url":"https:\/\/primex.at\/WP\/","name":"Primex Arbeitsschutz","description":"Ihr Spezialist f\u00fcr Arbeitskleidung, Arbeitschutzsprodukte und Freizeitbekleidung","potentialAction":[{"@type":"SearchAction","target":{"@type":"EntryPoint","urlTemplate":"https:\/\/primex.at\/WP\/?s={search_term_string}"},"query-input":{"@type":"PropertyValueSpecification","valueRequired":true,"valueName":"search_term_string"}}],"inLanguage":"de"}]}},"jetpack_sharing_enabled":true,"_links":{"self":[{"href":"https:\/\/primex.at\/WP\/wp-json\/wp\/v2\/pages\/2376","targetHints":{"allow":["GET"]}}],"collection":[{"href":"https:\/\/primex.at\/WP\/wp-json\/wp\/v2\/pages"}],"about":[{"href":"https:\/\/primex.at\/WP\/wp-json\/wp\/v2\/types\/page"}],"author":[{"embeddable":true,"href":"https:\/\/primex.at\/WP\/wp-json\/wp\/v2\/users\/1"}],"replies":[{"embeddable":true,"href":"https:\/\/primex.at\/WP\/wp-json\/wp\/v2\/comments?post=2376"}],"version-history":[{"count":1,"href":"https:\/\/primex.at\/WP\/wp-json\/wp\/v2\/pages\/2376\/revisions"}],"predecessor-version":[{"id":15692,"href":"https:\/\/primex.at\/WP\/wp-json\/wp\/v2\/pages\/2376\/revisions\/15692"}],"wp:attachment":[{"href":"https:\/\/primex.at\/WP\/wp-json\/wp\/v2\/media?parent=2376"}],"curies":[{"name":"wp","href":"https:\/\/api.w.org\/{rel}","templated":true}]}}